{"id":375,"date":"2024-03-20T08:55:00","date_gmt":"2024-03-20T07:55:00","guid":{"rendered":"https:\/\/relaisdugland.com\/nl\/?page_id=375"},"modified":"2024-03-26T19:20:37","modified_gmt":"2024-03-26T18:20:37","slug":"privacybeleid","status":"publish","type":"page","link":"https:\/\/relaisdugland.com\/nl\/privacybeleid\/","title":{"rendered":"Privacybeleid"},"content":{"rendered":"<h2>Artikel 1: preambule<\/h2>\n<p>Dit privacybeleid heeft tot doel de gebruikers van de website te informeren :<\/p>\n<ul>\n<li>Over hoe hun persoonlijke gegevens worden verzameld. Worden beschouwd als persoonlijke gegevens, alle informatie die een gebruiker kan identificeren. Dit kan onder meer zijn: zijn of haar naam en voornaam, leeftijd, postadres of e-mailadres, locatie of zelfs IP-adres (niet-uitputtende lijst) ;<\/li>\n<li>Over de rechten die ze hebben met betrekking tot deze gegevens ;<\/li>\n<li>Over de persoon die verantwoordelijk is voor de verwerking van de verzamelde en verwerkte persoonsgegevens ;<\/li>\n<li>Over de ontvangers van deze persoonlijke gegevens ;<\/li>\n<\/ul>\n<h2>Artikel 2: Beginselen met betrekking tot het verzamelen en verwerken van persoonsgegevens<\/h2>\n<p>In overeenstemming met artikel 5 van de Europese Verordening 2016\/679, worden persoonsgegevens :<\/p>\n<ul>\n<li>Verwerkt op een rechtmatige, eerlijke en transparante wijze ten opzichte van de betrokkene ;<\/li>\n<li>Verzameld voor specifieke, expliciete en gerechtvaardigde doeleinden, en niet verder verwerkt op een manier die onverenigbaar is met deze doeleinden ;Geschikt, relevant en beperkt tot wat noodzakelijk is voor de doeleinden waarvoor ze worden verwerkt;<br \/>\nNauwkeurig en, indien nodig, bijgewerkt. Alle redelijke maatregelen moeten worden genomen om ervoor te zorgen dat persoonsgegevens die onjuist zijn, gezien de doeleinden waarvoor ze worden verwerkt, onverwijld worden gewist of gerectificeerd\u00a0;<\/li>\n<li>Bewaard in een vorm die identificatie van de betrokken personen mogelijk maakt voor een periode die niet langer is dan nodig is voor de doeleinden waarvoor ze worden verwerkt ;<\/li>\n<li>Verwerkt op een manier die een passende beveiliging van de verzamelde gegevens waarborgt, inclusief bescherming tegen ongeoorloofde of onwettige verwerking en tegen verlies, vernietiging of schade door onopzettelijke oorsprong, met behulp van passende technische of organisatorische maatregelen.<\/li>\n<\/ul>\n<p>De verwerking is alleen rechtmatig indien, en voor zover, ten minste een van de volgende voorwaarden is vervuld :<\/p>\n<ul>\n<li>De betrokken persoon heeft toestemming gegeven voor de verwerking van zijn persoonsgegevens voor een of meer specifieke doeleinden ;<\/li>\n<li>De verwerking is noodzakelijk voor de uitvoering van een overeenkomst waarbij de betrokkene partij is, of voor de uitvoering van precontractuele maatregelen die op verzoek van de betrokkene worden genomen ;<\/li>\n<li>De verwerking is noodzakelijk voor naleving van een wettelijke verplichting waaraan de verwerkingsverantwoordelijke is onderworpen ;<\/li>\n<li>De verwerking is noodzakelijk ter bescherming van de vitale belangen van de betrokkene of van een andere natuurlijke persoon ;<\/li>\n<li>De verwerking is noodzakelijk voor de uitvoering van een taak van algemeen belang of van een taak in het kader van de uitoefening van het openbaar gezag dat aan de verwerkingsverantwoordelijke is opgedragen ;<\/li>\n<li>De verwerking is noodzakelijk voor de behartiging van de gerechtvaardigde belangen van de verwerkingsverantwoordelijke of van een derde, tenzij de belangen of de grondrechten en de fundamentele vrijheden van de betrokkene die tot bescherming van persoonsgegevens nopen, zwaarder wegen dan die belangen, met name wanneer de betrokkene een kind betreft.<\/li>\n<\/ul>\n<h2>Artikel 3 : persoonsgegevens verzameld en verwerkt tijdens het surfen op de website<\/h2>\n<h3><strong>Artikel 3.1 : verzamelde gegevens <\/strong><\/h3>\n<p>Persoonlijke gegevens kunnen worden verzameld wanneer gebruikers interageren met <a href=\"https:\/\/relaisdugland.com\/nl\/\">de website van Relais du Gland<\/a>, met name wanneer ze contactformulieren invullen, zich abonneren op nieuwsbrieven, reserveringen maken of deelnemen aan enqu\u00eates.<\/p>\n<p>De verzameling en verwerking van deze gegevens dient de volgende doeleinden :<\/p>\n<ul>\n<li>Reageren op de verzoeken van gebruikers en de gevraagde diensten leveren ;<\/li>\n<li>Het verzenden van informatie, nieuwsbrieven of promotieaanbiedingen, mits voorafgaande toestemming van de gebruiker ;<\/li>\n<li>Verbetering van de gebruikerservaring en personalisatie van de inhoud van de website ;<\/li>\n<li>Analyseren van het gebruik van de website en de diensten om hun kwaliteit en relevantie te verbeteren.<\/li>\n<\/ul>\n<h3><strong>Artikel 3.2 : gegevensverzamelingsmethode<\/strong><\/h3>\n<p>De persoonlijke gegevens worden verzameld wanneer u de volgende handelingen uitvoert op het platform: het verzenden van een contactformulier, reservering op <a href=\"https:\/\/en.elloha.com\/\" target=\"_blank\" rel=\"noopener\">het Elloha-platform<\/a>.<\/p>\n<p>Ze worden bewaard door de verwerkingsverantwoordelijke onder redelijke veiligheidsvoorwaarden, gedurende een periode van 12 maanden.<\/p>\n<p>Het bedrijf kan bepaalde persoonsgegevens langer bewaren dan de hierboven aangekondigde termijnen om te voldoen aan wettelijke of reglementaire verplichtingen.<\/p>\n<h3><strong>Artikel 3.3 : hosting van gegevens<\/strong><\/h3>\n<p>De website <a href=\"https:\/\/relaisdugland.com\/nl\/\" target=\"_blank\" rel=\"noopener\">relaisdugland.com\/nl<\/a> wordt gehost door :<\/p>\n<p>OVH SAS<\/p>\n<p>2 rue Kellermann<\/p>\n<p>BP 80157<\/p>\n<p>59053 ROUBAIX CEDEX 1<\/p>\n<p>FRANCE<\/p>\n<p>Website : <a href=\"https:\/\/www.ovhcloud.com\/nl\/\" target=\"_blank\" rel=\"noopener\">https:\/\/www.ovhcloud.com\/nl\/<\/a><\/p>\n<h2>Article 4 : verantwoordelijke voor de verwerking van gegevens en functionaris voor gegevensbescherming<\/h2>\n<h3><strong>Article 4.1 : de verantwoordelijke voor de verwerking van gegevens<\/strong><\/h3>\n<div class=\"flex flex-grow flex-col max-w-full\">\n<div class=\"min-h-[20px] text-message flex flex-col items-start gap-3 whitespace-pre-wrap break-words [.text-message+&amp;]:mt-5 overflow-x-auto\" data-message-author-role=\"assistant\" data-message-id=\"1361bdcc-983e-440f-9913-cf9fd6fedabd\">\n<div class=\"markdown prose w-full break-words dark:prose-invert light\">\n<p>Les donn\u00e9es \u00e0 caract\u00e8re personnel sont verzameld door Adeline GRULET, een zelfstandige ondernemer, met als SIRET-nummer 515017705 00010.<\/p>\n<p>De verantwoordelijke voor de verwerking van persoonsgegevens kan als volgt worden gecontacteerd:<\/p>\n<p>Per post op het adres: 5 rue le Terne Jean Servais &#8211; 08380 BROGNON;<\/p>\n<p>Telefonisch op +33(0)6 76 48 68 54;<\/p>\n<p>Via e-mail: contact[at]relaisdugland.com.<\/p>\n<\/div>\n<\/div>\n<\/div>\n<h3><strong>Artikel 4.2: De functionaris voor gegevensbescherming<\/strong><\/h3>\n<p>De functionaris voor gegevensbescherming van het bedrijf of de verwerkingsverantwoordelijke is:<br \/>\nAdeline GRULET, 5 rue le Terne Jean Servais &#8211; 08380 BROGNON &#8211; FRANKRIJK &#8211; +33(0)6 76 48 68 54 &#8211; contact[at]relaisdugland.com.<\/p>\n<p>Indien u van mening bent dat uw rechten met betrekking tot gegevensbescherming, na contact met ons, niet worden nageleefd, kunt u een melding maken bij de <a href=\"https:\/\/www.cnil.fr\/en\" target=\"_blank\" rel=\"noopener\">CNIL<\/a>.<\/p>\n<h2>Article 5 : les droits de l&#8217;utilisateur en mati\u00e8re de collecte et de traitement des donn\u00e9es<\/h2>\n<p>Tout utilisateur concern\u00e9 par le traitement de ses donn\u00e9es personnelles peut se pr\u00e9valoir des droits suivants, en application du r\u00e8glement europ\u00e9en 2016\/679 et de la Loi Informatique et Libert\u00e9 (Loi 78-17 du 6 janvier 1978) :<\/p>\n<ul>\n<li>Droit d\u2019acc\u00e8s, de rectification et droit \u00e0 l\u2019effacement des donn\u00e9es (pos\u00e9s respectivement aux articles 15, 16 et 17 du RGPD) ;<\/li>\n<li>Droit \u00e0 la portabilit\u00e9 des donn\u00e9es (article 20 du RGPD) ;<\/li>\n<li>Droit \u00e0 la limitation (article 18 du RGPD) et \u00e0 l\u2019opposition du traitement des donn\u00e9es (article 21 du RGPD) ;<\/li>\n<li>Droit de ne pas faire l\u2019objet d\u2019une d\u00e9cision fond\u00e9e exclusivement sur un proc\u00e9d\u00e9 automatis\u00e9 ;<\/li>\n<li>Droit de d\u00e9terminer le sort des donn\u00e9es apr\u00e8s la mort ;<\/li>\n<li>Droit de saisir l\u2019autorit\u00e9 de contr\u00f4le comp\u00e9tente (article 77 du RGPD).<\/li>\n<\/ul>\n<p>Pour exercer vos droits, veuillez adresser votre courrier \u00e0 Adeline GRULET &#8220;Relais du Gland&#8221;<em>,<\/em> 5 rue le Terne Jean Servais 08380 BROGNON ou par mail \u00e0 contact[at]relaisdugland.com.<\/p>\n<p>Afin que le responsable du traitement des donn\u00e9es puisse faire droit \u00e0 sa demande, l\u2019utilisateur peut \u00eatre tenu de lui communiquer certaines informations telles que : ses noms et pr\u00e9noms, son adresse e-mail ainsi que son num\u00e9ro de compte, d\u2019espace personnel ou d\u2019abonn\u00e9.<\/p>\n<p>Consultez <a href=\"https:\/\/cnil.fr\/fr\" target=\"_blank\" rel=\"noopener\">le site de la CNIL<\/a> pour plus d\u2019informations sur vos droits.<\/p>\n<h2>Article 6 : conditions de modification de la politique de confidentialit\u00e9<\/h2>\n<p>L\u2019\u00e9diteur du site <a href=\"https:\/\/relaisdugland.com\/\">relaisdugland.com<\/a> se r\u00e9serve le droit de pouvoir modifier la pr\u00e9sente Politique \u00e0 tout moment afin d\u2019assurer aux utilisateurs du site sa conformit\u00e9 avec le droit en vigueur.<\/p>\n<p>Les \u00e9ventuelles modifications ne sauraient avoir d\u2019incidence sur les achats ant\u00e9rieurement effectu\u00e9s sur le site, lesquels restent soumis \u00e0 la Politique en vigueur au moment de l\u2019achat et telle qu\u2019accept\u00e9e par l\u2019utilisateur lors de la validation de l\u2019achat.<\/p>\n<p>L\u2019utilisateur est invit\u00e9 \u00e0 prendre connaissance de cette Politique \u00e0 chaque fois qu\u2019il utilise nos services, sans qu\u2019il soit n\u00e9cessaire de l\u2019en pr\u00e9venir formellement.<\/p>\n<p>La pr\u00e9sente politique, \u00e9dit\u00e9e le 15 mars 2023, a \u00e9t\u00e9 mise \u00e0 jour le 19 mars 2024.<\/p>\n","protected":false},"excerpt":{"rendered":"<p>Artikel 1: preambule Dit privacybeleid heeft tot doel de gebruikers van de website te informeren : Over hoe hun persoonlijke gegevens worden verzameld. Worden beschouwd als persoonlijke gegevens, alle informatie die een gebruiker kan identificeren. Dit kan onder meer zijn: zijn of haar naam en voornaam, leeftijd, postadres of e-mailadres, locatie of zelfs IP-adres (niet-uitputtende [&hellip;]<\/p>\n","protected":false},"author":1,"featured_media":0,"parent":0,"menu_order":0,"comment_status":"closed","ping_status":"closed","template":"","meta":{"_acf_changed":false,"footnotes":""},"class_list":["post-375","page","type-page","status-publish","hentry"],"yoast_head":"<!-- This site is optimized with the Yoast SEO plugin v26.8 - https:\/\/yoast.com\/product\/yoast-seo-wordpress\/ -->\n<title>Privacybeleid van de website Relais du Gland<\/title>\n<meta name=\"description\" content=\"Het doel ervan is om gebruikers te informeren over hoe hun persoonlijke gegevens worden verzameld, gebruikt en beschermd\" \/>\n<meta name=\"robots\" content=\"noindex, follow\" \/>\n<meta property=\"og:locale\" content=\"nl_NL\" \/>\n<meta property=\"og:type\" content=\"article\" \/>\n<meta property=\"og:title\" content=\"Privacybeleid van de website Relais du Gland\" \/>\n<meta property=\"og:description\" content=\"Het doel ervan is om gebruikers te informeren over hoe hun persoonlijke gegevens worden verzameld, gebruikt en beschermd\" \/>\n<meta property=\"og:url\" content=\"https:\/\/relaisdugland.com\/nl\/privacybeleid\/\" \/>\n<meta property=\"og:site_name\" content=\"Relais du Gland NL\" \/>\n<meta property=\"article:modified_time\" content=\"2024-03-26T18:20:37+00:00\" \/>\n<meta name=\"twitter:card\" content=\"summary_large_image\" \/>\n<meta name=\"twitter:label1\" content=\"Geschatte leestijd\" \/>\n\t<meta name=\"twitter:data1\" content=\"6 minuten\" \/>\n<script type=\"application\/ld+json\" class=\"yoast-schema-graph\">{\"@context\":\"https:\/\/schema.org\",\"@graph\":[{\"@type\":\"WebPage\",\"@id\":\"https:\/\/relaisdugland.com\/nl\/privacybeleid\/\",\"url\":\"https:\/\/relaisdugland.com\/nl\/privacybeleid\/\",\"name\":\"Privacybeleid van de website Relais du Gland\",\"isPartOf\":{\"@id\":\"https:\/\/relaisdugland.com\/nl\/#website\"},\"datePublished\":\"2024-03-20T07:55:00+00:00\",\"dateModified\":\"2024-03-26T18:20:37+00:00\",\"description\":\"Het doel ervan is om gebruikers te informeren over hoe hun persoonlijke gegevens worden verzameld, gebruikt en beschermd\",\"breadcrumb\":{\"@id\":\"https:\/\/relaisdugland.com\/nl\/privacybeleid\/#breadcrumb\"},\"inLanguage\":\"nl-NL\",\"potentialAction\":[{\"@type\":\"ReadAction\",\"target\":[\"https:\/\/relaisdugland.com\/nl\/privacybeleid\/\"]}]},{\"@type\":\"BreadcrumbList\",\"@id\":\"https:\/\/relaisdugland.com\/nl\/privacybeleid\/#breadcrumb\",\"itemListElement\":[{\"@type\":\"ListItem\",\"position\":1,\"name\":\"Accueil\",\"item\":\"https:\/\/relaisdugland.com\/nl\/\"},{\"@type\":\"ListItem\",\"position\":2,\"name\":\"Privacybeleid\"}]},{\"@type\":\"WebSite\",\"@id\":\"https:\/\/relaisdugland.com\/nl\/#website\",\"url\":\"https:\/\/relaisdugland.com\/nl\/\",\"name\":\"Relais du Gland NL\",\"description\":\"\",\"publisher\":{\"@id\":\"https:\/\/relaisdugland.com\/nl\/#organization\"},\"potentialAction\":[{\"@type\":\"SearchAction\",\"target\":{\"@type\":\"EntryPoint\",\"urlTemplate\":\"https:\/\/relaisdugland.com\/nl\/?s={search_term_string}\"},\"query-input\":{\"@type\":\"PropertyValueSpecification\",\"valueRequired\":true,\"valueName\":\"search_term_string\"}}],\"inLanguage\":\"nl-NL\"},{\"@type\":\"Organization\",\"@id\":\"https:\/\/relaisdugland.com\/nl\/#organization\",\"name\":\"Relais du Gland NL\",\"url\":\"https:\/\/relaisdugland.com\/nl\/\",\"logo\":{\"@type\":\"ImageObject\",\"inLanguage\":\"nl-NL\",\"@id\":\"https:\/\/relaisdugland.com\/nl\/#\/schema\/logo\/image\/\",\"url\":\"https:\/\/relaisdugland.com\/nl\/wp-content\/uploads\/sites\/3\/2024\/02\/Logo_RDG_mini.png\",\"contentUrl\":\"https:\/\/relaisdugland.com\/nl\/wp-content\/uploads\/sites\/3\/2024\/02\/Logo_RDG_mini.png\",\"width\":150,\"height\":150,\"caption\":\"Relais du Gland NL\"},\"image\":{\"@id\":\"https:\/\/relaisdugland.com\/nl\/#\/schema\/logo\/image\/\"}}]}<\/script>\n<!-- \/ Yoast SEO plugin. -->","yoast_head_json":{"title":"Privacybeleid van de website Relais du Gland","description":"Het doel ervan is om gebruikers te informeren over hoe hun persoonlijke gegevens worden verzameld, gebruikt en beschermd","robots":{"index":"noindex","follow":"follow"},"og_locale":"nl_NL","og_type":"article","og_title":"Privacybeleid van de website Relais du Gland","og_description":"Het doel ervan is om gebruikers te informeren over hoe hun persoonlijke gegevens worden verzameld, gebruikt en beschermd","og_url":"https:\/\/relaisdugland.com\/nl\/privacybeleid\/","og_site_name":"Relais du Gland NL","article_modified_time":"2024-03-26T18:20:37+00:00","twitter_card":"summary_large_image","twitter_misc":{"Geschatte leestijd":"6 minuten"},"schema":{"@context":"https:\/\/schema.org","@graph":[{"@type":"WebPage","@id":"https:\/\/relaisdugland.com\/nl\/privacybeleid\/","url":"https:\/\/relaisdugland.com\/nl\/privacybeleid\/","name":"Privacybeleid van de website Relais du Gland","isPartOf":{"@id":"https:\/\/relaisdugland.com\/nl\/#website"},"datePublished":"2024-03-20T07:55:00+00:00","dateModified":"2024-03-26T18:20:37+00:00","description":"Het doel ervan is om gebruikers te informeren over hoe hun persoonlijke gegevens worden verzameld, gebruikt en beschermd","breadcrumb":{"@id":"https:\/\/relaisdugland.com\/nl\/privacybeleid\/#breadcrumb"},"inLanguage":"nl-NL","potentialAction":[{"@type":"ReadAction","target":["https:\/\/relaisdugland.com\/nl\/privacybeleid\/"]}]},{"@type":"BreadcrumbList","@id":"https:\/\/relaisdugland.com\/nl\/privacybeleid\/#breadcrumb","itemListElement":[{"@type":"ListItem","position":1,"name":"Accueil","item":"https:\/\/relaisdugland.com\/nl\/"},{"@type":"ListItem","position":2,"name":"Privacybeleid"}]},{"@type":"WebSite","@id":"https:\/\/relaisdugland.com\/nl\/#website","url":"https:\/\/relaisdugland.com\/nl\/","name":"Relais du Gland NL","description":"","publisher":{"@id":"https:\/\/relaisdugland.com\/nl\/#organization"},"potentialAction":[{"@type":"SearchAction","target":{"@type":"EntryPoint","urlTemplate":"https:\/\/relaisdugland.com\/nl\/?s={search_term_string}"},"query-input":{"@type":"PropertyValueSpecification","valueRequired":true,"valueName":"search_term_string"}}],"inLanguage":"nl-NL"},{"@type":"Organization","@id":"https:\/\/relaisdugland.com\/nl\/#organization","name":"Relais du Gland NL","url":"https:\/\/relaisdugland.com\/nl\/","logo":{"@type":"ImageObject","inLanguage":"nl-NL","@id":"https:\/\/relaisdugland.com\/nl\/#\/schema\/logo\/image\/","url":"https:\/\/relaisdugland.com\/nl\/wp-content\/uploads\/sites\/3\/2024\/02\/Logo_RDG_mini.png","contentUrl":"https:\/\/relaisdugland.com\/nl\/wp-content\/uploads\/sites\/3\/2024\/02\/Logo_RDG_mini.png","width":150,"height":150,"caption":"Relais du Gland NL"},"image":{"@id":"https:\/\/relaisdugland.com\/nl\/#\/schema\/logo\/image\/"}}]}},"acf":[],"_links":{"self":[{"href":"https:\/\/relaisdugland.com\/nl\/wp-json\/wp\/v2\/pages\/375","targetHints":{"allow":["GET"]}}],"collection":[{"href":"https:\/\/relaisdugland.com\/nl\/wp-json\/wp\/v2\/pages"}],"about":[{"href":"https:\/\/relaisdugland.com\/nl\/wp-json\/wp\/v2\/types\/page"}],"author":[{"embeddable":true,"href":"https:\/\/relaisdugland.com\/nl\/wp-json\/wp\/v2\/users\/1"}],"replies":[{"embeddable":true,"href":"https:\/\/relaisdugland.com\/nl\/wp-json\/wp\/v2\/comments?post=375"}],"version-history":[{"count":0,"href":"https:\/\/relaisdugland.com\/nl\/wp-json\/wp\/v2\/pages\/375\/revisions"}],"wp:attachment":[{"href":"https:\/\/relaisdugland.com\/nl\/wp-json\/wp\/v2\/media?parent=375"}],"curies":[{"name":"wp","href":"https:\/\/api.w.org\/{rel}","templated":true}]}}